{"id":7329,"date":"2015-11-01T10:28:23","date_gmt":"2015-11-01T04:58:23","guid":{"rendered":"http:\/\/www.tarshi.net\/inplainspeak?page_id=7329"},"modified":"2015-11-01T13:20:16","modified_gmt":"2015-11-01T07:50:16","slug":"innovations-corner-the-erotics-india-project","status":"publish","type":"page","link":"https:\/\/www.tarshi.net\/inplainspeak\/innovations-corner-the-erotics-india-project\/","title":{"rendered":"Innovations Corner: The EroTICS India Project"},"content":{"rendered":"<p><iframe src=\"https:\/\/player.vimeo.com\/video\/13221966\" width=\"500\" height=\"375\" frameborder=\"0\" allowfullscreen=\"allowfullscreen\"><\/iframe><\/p>\n<blockquote><p><em>What is the connection between gender, sex and the Internet?<\/em><\/p>\n<p><em>How important is the Internet for activists in their work of advancing gender rights and sexual rights?<\/em><\/p>\n<p><em>Why is the first step in limiting access to information and communication online regularly linked to regulating pornography?<\/em><\/p>\n<p><em>What are the security and privacy risks that gender rights and sexual rights activists face online, and how can we better defend ourselves and our right to use this space?<\/em><\/p>\n<p><em>EroTICs explores some of the connections and questions raised above.<\/em><\/p>\n<p><em>Short for \u201cExploratory Research on ICTs and Sexuality\u201d,\u00a0EroTICs is a multi-phase project of the\u00a0<\/em><a href=\"http:\/\/www.eroticsindia.org\/about-us\/www.apc.org\/\" target=\"_blank\"><em>Association for Progressive Communications<\/em><\/a><em>. (ICT is spelt TIC in EroTICs as per the Spanish term \u2018<\/em>tecnolog\u00eda de informaci\u00f3n y comunicaci\u00f3n<em>\u2019.)\u00a0<\/em><a href=\"http:\/\/www.pointofview.org\/\" target=\"_blank\"><em>Point of View<\/em><\/a><em>\u00a0is the India partner of EroTICs.<\/em><\/p><\/blockquote>\n<p>Find everything you want to know about the project on <a href=\"http:\/\/www.eroticsindia.org\/\" target=\"_blank\">their fascinating website<\/a>.<\/p>\n<p style=\"text-align: right;\"><em>Cover image courtesy: <a href=\"https:\/\/www.apc.org\/en\/projects\/erotics-exploratory-research-project-sexuality-and-0\" target=\"_blank\">APC<\/a><\/em><\/p>\n<p>&nbsp;<\/p>\n","protected":false},"excerpt":{"rendered":"<p>What is the connection between gender, sex and the Internet? How important is the Internet for activists in their work&#8230;<\/p>\n","protected":false},"author":1,"featured_media":0,"parent":0,"menu_order":0,"comment_status":"closed","ping_status":"closed","template":"","meta":{"footnotes":""},"class_list":["post-7329","page","type-page","status-publish"],"_links":{"self":[{"href":"https:\/\/www.tarshi.net\/inplainspeak\/wp-json\/wp\/v2\/pages\/7329","targetHints":{"allow":["GET"]}}],"collection":[{"href":"https:\/\/www.tarshi.net\/inplainspeak\/wp-json\/wp\/v2\/pages"}],"about":[{"href":"https:\/\/www.tarshi.net\/inplainspeak\/wp-json\/wp\/v2\/types\/page"}],"author":[{"embeddable":true,"href":"https:\/\/www.tarshi.net\/inplainspeak\/wp-json\/wp\/v2\/users\/1"}],"replies":[{"embeddable":true,"href":"https:\/\/www.tarshi.net\/inplainspeak\/wp-json\/wp\/v2\/comments?post=7329"}],"version-history":[{"count":7,"href":"https:\/\/www.tarshi.net\/inplainspeak\/wp-json\/wp\/v2\/pages\/7329\/revisions"}],"predecessor-version":[{"id":7381,"href":"https:\/\/www.tarshi.net\/inplainspeak\/wp-json\/wp\/v2\/pages\/7329\/revisions\/7381"}],"wp:attachment":[{"href":"https:\/\/www.tarshi.net\/inplainspeak\/wp-json\/wp\/v2\/media?parent=7329"}],"curies":[{"name":"wp","href":"https:\/\/api.w.org\/{rel}","templated":true}]}}